{"id":206,"date":"2023-02-20T04:30:03","date_gmt":"2023-02-20T04:30:03","guid":{"rendered":"https:\/\/techontutors.com\/?page_id=206"},"modified":"2023-02-20T04:30:03","modified_gmt":"2023-02-20T04:30:03","slug":"quem-somos","status":"publish","type":"page","link":"https:\/\/techontutors.com\/index.php\/quem-somos\/","title":{"rendered":"QUEM SOMOS"},"content":{"rendered":"<p style=\"text-align: justify;\"><span style=\"font-family: arial, helvetica, sans-serif;\">Tech on Tutors \u00e9 um site dedicado a oferecer aulas e tutoriais sobre tecnologia para estudantes e entusiastas de todas as idades. Com uma ampla variedade de t\u00f3picos, desde programa\u00e7\u00e3o e desenvolvimento web at\u00e9 seguran\u00e7a cibern\u00e9tica e intelig\u00eancia artificial, o Tech on Tutors se esfor\u00e7a para fornecer uma experi\u00eancia educacional abrangente e interativa para seus usu\u00e1rios.<\/span><\/p>\n<p style=\"text-align: justify;\"><span style=\"font-family: arial, helvetica, sans-serif;\">O site \u00e9 projetado de forma intuitiva, com navega\u00e7\u00e3o f\u00e1cil e organiza\u00e7\u00e3o clara dos cursos dispon\u00edveis. Al\u00e9m disso, cada aula \u00e9 ministrada por um instrutor experiente e qualificado, que oferece um ensino claro e conciso, utilizando exemplos pr\u00e1ticos e exerc\u00edcios para aprimorar o aprendizado.<\/span><\/p>\n<p style=\"text-align: justify;\"><span style=\"font-family: arial, helvetica, sans-serif;\">O Tech on Tutors tamb\u00e9m oferece uma s\u00e9rie de recursos adicionais, incluindo f\u00f3runs de discuss\u00e3o, recursos de aprendizado em grupo e uma biblioteca extensiva de material de apoio, como guias de refer\u00eancia e manuais de instru\u00e7\u00f5es.<\/span><\/p>\n<p style=\"text-align: justify;\"><span style=\"font-family: arial, helvetica, sans-serif;\">Se voc\u00ea \u00e9 um estudante em busca de aprimorar suas habilidades em tecnologia ou um entusiasta que deseja explorar novos t\u00f3picos, o Tech on Tutors \u00e9 uma excelente op\u00e7\u00e3o para aprimorar seus conhecimentos. Com uma variedade de cursos, recursos e instrutores qualificados, o Tech on Tutors oferece uma experi\u00eancia educacional valiosa e acess\u00edvel para todos.<\/span><\/p>\n","protected":false},"excerpt":{"rendered":"<p>Tech on Tutors \u00e9 um site dedicado a oferecer aulas e tutoriais sobre tecnologia para estudantes e entusiastas de todas&hellip;<\/p>\n","protected":false},"author":1,"featured_media":0,"parent":0,"menu_order":0,"comment_status":"closed","ping_status":"closed","template":"","meta":{"om_disable_all_campaigns":false,"_mi_skip_tracking":false,"_monsterinsights_sitenote_active":false,"_monsterinsights_sitenote_note":"","_monsterinsights_sitenote_category":0},"yoast_head":"<!-- This site is optimized with the Yoast SEO plugin v20.1 - https:\/\/yoast.com\/wordpress\/plugins\/seo\/ -->\n<title>QUEM SOMOS - Tech On Tutors<\/title>\n<meta name=\"robots\" content=\"index, follow, max-snippet:-1, max-image-preview:large, max-video-preview:-1\" \/>\n<link rel=\"canonical\" href=\"https:\/\/techontutors.com\/index.php\/quem-somos\/\" \/>\n<meta property=\"og:locale\" content=\"pt_BR\" \/>\n<meta property=\"og:type\" content=\"article\" \/>\n<meta property=\"og:title\" content=\"QUEM SOMOS - Tech On Tutors\" \/>\n<meta property=\"og:description\" content=\"Tech on Tutors \u00e9 um site dedicado a oferecer aulas e tutoriais sobre tecnologia para estudantes e entusiastas de todas&hellip;\" \/>\n<meta property=\"og:url\" content=\"https:\/\/techontutors.com\/index.php\/quem-somos\/\" \/>\n<meta property=\"og:site_name\" content=\"Tech On Tutors\" \/>\n<meta name=\"twitter:card\" content=\"summary_large_image\" \/>\n<meta name=\"twitter:label1\" content=\"Est. tempo de leitura\" \/>\n\t<meta name=\"twitter:data1\" content=\"2 minutos\" \/>\n<script type=\"application\/ld+json\" class=\"yoast-schema-graph\">{\"@context\":\"https:\/\/schema.org\",\"@graph\":[{\"@type\":\"WebPage\",\"@id\":\"https:\/\/techontutors.com\/index.php\/quem-somos\/\",\"url\":\"https:\/\/techontutors.com\/index.php\/quem-somos\/\",\"name\":\"QUEM SOMOS - Tech On Tutors\",\"isPartOf\":{\"@id\":\"https:\/\/techontutors.com\/#website\"},\"datePublished\":\"2023-02-20T04:30:03+00:00\",\"dateModified\":\"2023-02-20T04:30:03+00:00\",\"breadcrumb\":{\"@id\":\"https:\/\/techontutors.com\/index.php\/quem-somos\/#breadcrumb\"},\"inLanguage\":\"pt-BR\",\"potentialAction\":[{\"@type\":\"ReadAction\",\"target\":[\"https:\/\/techontutors.com\/index.php\/quem-somos\/\"]}]},{\"@type\":\"BreadcrumbList\",\"@id\":\"https:\/\/techontutors.com\/index.php\/quem-somos\/#breadcrumb\",\"itemListElement\":[{\"@type\":\"ListItem\",\"position\":1,\"name\":\"In\u00edcio\",\"item\":\"https:\/\/techontutors.com\/\"},{\"@type\":\"ListItem\",\"position\":2,\"name\":\"QUEM SOMOS\"}]},{\"@type\":\"WebSite\",\"@id\":\"https:\/\/techontutors.com\/#website\",\"url\":\"https:\/\/techontutors.com\/\",\"name\":\"Tech On Tutors\",\"description\":\"Tecnologia Descomplicada\",\"potentialAction\":[{\"@type\":\"SearchAction\",\"target\":{\"@type\":\"EntryPoint\",\"urlTemplate\":\"https:\/\/techontutors.com\/?s={search_term_string}\"},\"query-input\":\"required name=search_term_string\"}],\"inLanguage\":\"pt-BR\"}]}<\/script>\n<!-- \/ Yoast SEO plugin. -->","yoast_head_json":{"title":"QUEM SOMOS - Tech On Tutors","robots":{"index":"index","follow":"follow","max-snippet":"max-snippet:-1","max-image-preview":"max-image-preview:large","max-video-preview":"max-video-preview:-1"},"canonical":"https:\/\/techontutors.com\/index.php\/quem-somos\/","og_locale":"pt_BR","og_type":"article","og_title":"QUEM SOMOS - Tech On Tutors","og_description":"Tech on Tutors \u00e9 um site dedicado a oferecer aulas e tutoriais sobre tecnologia para estudantes e entusiastas de todas&hellip;","og_url":"https:\/\/techontutors.com\/index.php\/quem-somos\/","og_site_name":"Tech On Tutors","twitter_card":"summary_large_image","twitter_misc":{"Est. tempo de leitura":"2 minutos"},"schema":{"@context":"https:\/\/schema.org","@graph":[{"@type":"WebPage","@id":"https:\/\/techontutors.com\/index.php\/quem-somos\/","url":"https:\/\/techontutors.com\/index.php\/quem-somos\/","name":"QUEM SOMOS - Tech On Tutors","isPartOf":{"@id":"https:\/\/techontutors.com\/#website"},"datePublished":"2023-02-20T04:30:03+00:00","dateModified":"2023-02-20T04:30:03+00:00","breadcrumb":{"@id":"https:\/\/techontutors.com\/index.php\/quem-somos\/#breadcrumb"},"inLanguage":"pt-BR","potentialAction":[{"@type":"ReadAction","target":["https:\/\/techontutors.com\/index.php\/quem-somos\/"]}]},{"@type":"BreadcrumbList","@id":"https:\/\/techontutors.com\/index.php\/quem-somos\/#breadcrumb","itemListElement":[{"@type":"ListItem","position":1,"name":"In\u00edcio","item":"https:\/\/techontutors.com\/"},{"@type":"ListItem","position":2,"name":"QUEM SOMOS"}]},{"@type":"WebSite","@id":"https:\/\/techontutors.com\/#website","url":"https:\/\/techontutors.com\/","name":"Tech On Tutors","description":"Tecnologia Descomplicada","potentialAction":[{"@type":"SearchAction","target":{"@type":"EntryPoint","urlTemplate":"https:\/\/techontutors.com\/?s={search_term_string}"},"query-input":"required name=search_term_string"}],"inLanguage":"pt-BR"}]}},"_links":{"self":[{"href":"https:\/\/techontutors.com\/index.php\/wp-json\/wp\/v2\/pages\/206"}],"collection":[{"href":"https:\/\/techontutors.com\/index.php\/wp-json\/wp\/v2\/pages"}],"about":[{"href":"https:\/\/techontutors.com\/index.php\/wp-json\/wp\/v2\/types\/page"}],"author":[{"embeddable":true,"href":"https:\/\/techontutors.com\/index.php\/wp-json\/wp\/v2\/users\/1"}],"replies":[{"embeddable":true,"href":"https:\/\/techontutors.com\/index.php\/wp-json\/wp\/v2\/comments?post=206"}],"version-history":[{"count":1,"href":"https:\/\/techontutors.com\/index.php\/wp-json\/wp\/v2\/pages\/206\/revisions"}],"predecessor-version":[{"id":207,"href":"https:\/\/techontutors.com\/index.php\/wp-json\/wp\/v2\/pages\/206\/revisions\/207"}],"wp:attachment":[{"href":"https:\/\/techontutors.com\/index.php\/wp-json\/wp\/v2\/media?parent=206"}],"curies":[{"name":"wp","href":"https:\/\/api.w.org\/{rel}","templated":true}]}}